{"id":1215,"date":"2016-05-08T18:44:21","date_gmt":"2016-05-08T21:44:21","guid":{"rendered":"http:\/\/wp.swlabs.co\/explooredev\/?page_id=2"},"modified":"2021-01-28T16:39:23","modified_gmt":"2021-01-28T19:39:23","slug":"ims-turismo","status":"publish","type":"page","link":"https:\/\/www.imsturismo.com.br\/novo\/ims-turismo\/","title":{"rendered":"Conhe\u00e7a a IMS Turismo"},"content":{"rendered":"<p>[vc_row css=&#8221;.vc_custom_1463045167639{padding-top: 60px !important;padding-bottom: 0px !important;}&#8221;][vc_column width=&#8221;1\/2&#8243; css=&#8221;.vc_custom_1463045486032{padding-top: 40px !important;padding-bottom: px !important;}&#8221;]<div class=\"slz-shortcode block-title-32428013269d08b49d328f \">\n<h3 class=\"title-style-2\">IMS TURISMO<\/h3><\/div>\n[vc_column_text css=&#8221;.vc_custom_1611862732098{margin-bottom: 15px !important;}&#8221;]<\/p>\n<p style=\"text-align: justify;\">A IMS Turismo, fundada por profissionais em 18 de fevereiro de 2014, com mais de 30 anos de atua\u00e7\u00e3o no ramo, buscando sempre \u00a0a satisfa\u00e7\u00e3o de seus clientes , com a cont\u00ednua\u00a0 qualidade no atendimento, custo benef\u00edcio dos produtos e servi\u00e7os inerentes \u00e0s viagens a lazer ou neg\u00f3cios, com total credibilidade e assist\u00eancia\u00a0 de nossa ag\u00eancia .<\/p>\n<p style=\"text-align: justify;\"><strong>Nossas especialidades<\/strong>: Viagens Corporativas, viagens de grupos religiosos e demais objetivos como Disney, Aventuras, Familiar, Viagens personalizadas conforme sua necessidade.<\/p>\n<p>[\/vc_column_text][vc_column_text css=&#8221;.vc_custom_1611862756095{margin-bottom: 15px !important;}&#8221;]<\/p>\n<p style=\"text-align: justify;\">Nossa trajet\u00f3ria ao longo de tantos anos, nos proporciona total confian\u00e7a em afirmar aos nossos clientes <strong>SUA VIAGEM \u00c9 NOSSA MISS\u00c3O<\/strong>.<\/p>\n<p>[\/vc_column_text][\/vc_column][vc_column width=&#8221;1\/2&#8243; css=&#8221;.vc_custom_1463045476538{padding-top: 20px !important;}&#8221;][vc_single_image image=&#8221;524&#8243; img_size=&#8221;full&#8221; css_animation=&#8221;right-to-left&#8221; css=&#8221;.vc_custom_1463045413267{margin-bottom: 0px !important;}&#8221;][\/vc_column][\/vc_row][vc_row full_width=&#8221;stretch_row&#8221; el_class=&#8221;slz-bg_parallax&#8221; css=&#8221;.vc_custom_1463035998315{padding-top: 100px !important;padding-bottom: 100px !important;background-image: url(https:\/\/www.imsturismo.com.br\/novo\/wp-content\/uploads\/2016\/05\/bg-section-about-values.jpg?id=351) !important;}&#8221;][vc_column css=&#8221;.vc_custom_1463036613861{padding-top: 0px !important;}&#8221;]<div class=\"slz-shortcode block-title-146715443169d08b49d394b \">\n<h3 class=\"title-style-2\">Nossos Valores<\/h3><\/div>\n[vc_row_inner][vc_column_inner width=&#8221;1\/4&#8243;]<div class=\"slz-shortcode icon-box-109939856669d08b49d3a4a \"><div class=\"our-content\"><i class=\"our-icon flaticon-cruise\"><\/i><div class=\"main-our\"><p class=\"our-title\">Trabalho em Equipe<\/p><div class=\"text\">Prezamos o trabalho de forma ordenado, padronizado, criterioso e de forma conjunta, resultando na qualidade de nossos servi\u00e7os.<\/div><\/div><\/div><\/div>[vc_empty_space height=&#8221;40px&#8221;][\/vc_column_inner][vc_column_inner width=&#8221;1\/4&#8243;]<div class=\"slz-shortcode icon-box-154683492269d08b49d3bd9 \"><div class=\"our-content\"><i class=\"our-icon flaticon-security-1\"><\/i><div class=\"main-our\"><p class=\"our-title\">Excel\u00eancia<\/p><div class=\"text\">Identificamos e aplicamos as melhores pr\u00e1ticas em todas as atividades, buscando constantemente inova\u00e7\u00e3o e excel\u00eancia.<\/div><\/div><\/div><\/div>[vc_empty_space height=&#8221;40px&#8221;][\/vc_column_inner][vc_column_inner width=&#8221;1\/4&#8243;]<div class=\"slz-shortcode icon-box-104940391769d08b49d3d44 \"><div class=\"our-content\"><i class=\"our-icon flaticon-direction\"><\/i><div class=\"main-our\"><p class=\"our-title\">Foco no Cliente<\/p><div class=\"text\">Nossa exist\u00eancia \u00e9 justificada na medida em que somos capazes de conquistar a confian\u00e7a e respeito de nossos clientes internos e externos.<\/div><\/div><\/div><\/div>[vc_empty_space height=&#8221;40px&#8221;][\/vc_column_inner][vc_column_inner width=&#8221;1\/4&#8243;]<div class=\"slz-shortcode icon-box-190275241569d08b49d3e99 \"><div class=\"our-content\"><i class=\"our-icon flaticon-food-3\"><\/i><div class=\"main-our\"><p class=\"our-title\">\u00c9tica<\/p><div class=\"text\">Assumimos o compromisso inegoci\u00e1vel de operar com total integridade, honestidade, transpar\u00eancia, comprometimento e qualidade em todos os neg\u00f3cios.<\/div><\/div><\/div><\/div>[vc_empty_space height=&#8221;40px&#8221;][\/vc_column_inner][\/vc_row_inner][\/vc_column][\/vc_row][vc_row full_width=&#8221;stretch_row_content_no_spaces&#8221;][vc_column]\n<div class=\"slz-shortcode contact-213183423269d08b49d4024 colorbranco\">\n\t<div class=\"contact style-1\">\n\t\t<div class=\"container\">\t\t<div class=\"row\">\n\t\t\t<div class=\"wrapper-contact-style\">\n\t\t\t\t\t\t\t<div data-wow-delay=\"0.5s\" class=\"contact-wrapper-images wow fadeInLeft\"><img loading=\"lazy\" decoding=\"async\" width=\"276\" height=\"536\" src=\"https:\/\/www.imsturismo.com.br\/novo\/wp-content\/uploads\/2016\/05\/contact-people.png\" class=\"img-responsive attachment-full\" alt=\"\" title=\"contact-people\" srcset=\"https:\/\/www.imsturismo.com.br\/novo\/wp-content\/uploads\/2016\/05\/contact-people.png 276w, https:\/\/www.imsturismo.com.br\/novo\/wp-content\/uploads\/2016\/05\/contact-people-154x300.png 154w\" sizes=\"auto, (max-width: 276px) 100vw, 276px\" \/><\/div>\n\t\t\t\t\t\t\t<div class=\"col-lg-6 col-sm-7 col-lg-offset-4 col-sm-offset-5\">\n\t\t\t\t\t\t\t\t<div data-wow-delay=\"0.4s\" class=\"contact-wrapper padding-top padding-bottom wow fadeInRight\">\t\t\t\t<div class=\"contact-box\">\n\t\t\t\t\t\t\t\t\t\t<h5 class=\"title\">CONTATE-NOS<\/h5>\n\t\t\t\t\t\t\t\t\t\t\t\t\t\t\t<p class=\"text\">Apenas fa\u00e7a as malas e v\u00e1! Deixe o seu plano de viagem para n\u00f3s!<\/p>\n\t\t\t\t\t\t\t\t\t\t\t\t\t\t\t\n<div class=\"wpcf7 no-js\" id=\"wpcf7-f46-o1\" lang=\"en\" dir=\"ltr\" data-wpcf7-id=\"46\">\n<div class=\"screen-reader-response\"><p role=\"status\" aria-live=\"polite\" aria-atomic=\"true\"><\/p> <ul><\/ul><\/div>\n<form action=\"\/novo\/wp-json\/wp\/v2\/pages\/1215#wpcf7-f46-o1\" method=\"post\" class=\"wpcf7-form init contact-form\" id=\"contact-form-213183423269d08b49d4024\" aria-label=\"Formul\u00e1rios de contato\" novalidate=\"novalidate\" data-status=\"init\">\n<fieldset class=\"hidden-fields-container\"><input type=\"hidden\" name=\"_wpcf7\" value=\"46\" \/><input type=\"hidden\" name=\"_wpcf7_version\" value=\"6.1.5\" \/><input type=\"hidden\" name=\"_wpcf7_locale\" value=\"en\" \/><input type=\"hidden\" name=\"_wpcf7_unit_tag\" value=\"wpcf7-f46-o1\" \/><input type=\"hidden\" name=\"_wpcf7_container_post\" value=\"0\" \/><input type=\"hidden\" name=\"_wpcf7_posted_data_hash\" value=\"\" \/><input type=\"hidden\" name=\"_wpcf7dtx_version\" value=\"5.0.5\" \/>\n<\/fieldset>\n<p><span class=\"wpcf7-form-control-wrap\" data-name=\"your-name\"><input size=\"40\" maxlength=\"400\" class=\"wpcf7-form-control wpcf7-text wpcf7-validates-as-required form-control form-input\" aria-required=\"true\" aria-invalid=\"false\" placeholder=\"Digite seu nome completo\" value=\"\" type=\"text\" name=\"your-name\" \/><\/span><br \/>\n<span class=\"wpcf7-form-control-wrap\" data-name=\"your-email\"><input size=\"40\" maxlength=\"400\" class=\"wpcf7-form-control wpcf7-email wpcf7-validates-as-required wpcf7-text wpcf7-validates-as-email form-control form-input\" aria-required=\"true\" aria-invalid=\"false\" placeholder=\"Digite um e-mail v\u00e1lido\" value=\"\" type=\"email\" name=\"your-email\" \/><\/span><br \/>\n<span class=\"wpcf7-form-control-wrap\" data-name=\"your-subject\"><textarea cols=\"40\" rows=\"10\" maxlength=\"2000\" class=\"wpcf7-form-control wpcf7-textarea wpcf7-validates-as-required form-control form-input\" aria-required=\"true\" aria-invalid=\"false\" placeholder=\"Quais s\u00e3o suas d\u00favidas?\" name=\"your-subject\"><\/textarea><\/span>\n<\/p>\n<div class=\"contact-submit\">\n\t<p><input class=\"wpcf7-form-control wpcf7-submit has-spinner btn btn-slide\" type=\"submit\" value=\"ENVIAR MENSAGEM\" \/>\n\t<\/p>\n<\/div><div class=\"wpcf7-response-output\" aria-hidden=\"true\"><\/div>\n<\/form>\n<\/div>\n\t\t\t\t<\/div>\n\t\t\t<\/div>\n\t\t\t\t\t<\/div>\n\t\t\t\t<\/div>\t\t<\/div>\n\t\t<\/div>\t<\/div>\n<\/div>[\/vc_column][\/vc_row]<\/p>\n","protected":false},"excerpt":{"rendered":"<p>[vc_row css=&#8221;.vc_custom_1463045167639{padding-top: 60px !important;padding-bottom: 0px !important;}&#8221;][vc_column width=&#8221;1\/2&#8243; css=&#8221;.vc_custom_1463045486032{padding-top: 40px !important;padding-bottom: px !important;}&#8221;][vc_column_text css=&#8221;.vc_custom_1611862732098{margin-bottom: 15px !important;}&#8221;] A IMS Turismo, fundada por profissionais em 18 de fevereiro de 2014, com mais de 30 anos de atua\u00e7\u00e3o no ramo, buscando sempre \u00a0a satisfa\u00e7\u00e3o de seus clientes , com a cont\u00ednua\u00a0 qualidade no atendimento, custo benef\u00edcio dos produtos e [&hellip;]<\/p>\n","protected":false},"author":1,"featured_media":0,"parent":0,"menu_order":1,"comment_status":"closed","ping_status":"closed","template":"","meta":{"footnotes":""},"class_list":["post-1215","page","type-page","status-publish","hentry"],"_links":{"self":[{"href":"https:\/\/www.imsturismo.com.br\/novo\/wp-json\/wp\/v2\/pages\/1215","targetHints":{"allow":["GET"]}}],"collection":[{"href":"https:\/\/www.imsturismo.com.br\/novo\/wp-json\/wp\/v2\/pages"}],"about":[{"href":"https:\/\/www.imsturismo.com.br\/novo\/wp-json\/wp\/v2\/types\/page"}],"author":[{"embeddable":true,"href":"https:\/\/www.imsturismo.com.br\/novo\/wp-json\/wp\/v2\/users\/1"}],"replies":[{"embeddable":true,"href":"https:\/\/www.imsturismo.com.br\/novo\/wp-json\/wp\/v2\/comments?post=1215"}],"version-history":[{"count":9,"href":"https:\/\/www.imsturismo.com.br\/novo\/wp-json\/wp\/v2\/pages\/1215\/revisions"}],"predecessor-version":[{"id":1641,"href":"https:\/\/www.imsturismo.com.br\/novo\/wp-json\/wp\/v2\/pages\/1215\/revisions\/1641"}],"wp:attachment":[{"href":"https:\/\/www.imsturismo.com.br\/novo\/wp-json\/wp\/v2\/media?parent=1215"}],"curies":[{"name":"wp","href":"https:\/\/api.w.org\/{rel}","templated":true}]}}