{"id":478,"date":"2016-05-12T07:51:01","date_gmt":"2016-05-12T10:51:01","guid":{"rendered":"http:\/\/wp.swlabs.co\/explooredev\/?page_id=478"},"modified":"2020-12-08T16:36:28","modified_gmt":"2020-12-08T19:36:28","slug":"dicas-e-informacoes","status":"publish","type":"page","link":"https:\/\/www.imsturismo.com.br\/novo\/dicas-e-informacoes\/","title":{"rendered":"Dicas &#038; Informa\u00e7\u00f5es"},"content":{"rendered":"<p>[vc_row][vc_column]<div class=\"slz-shortcode blog  blog-75181283669dbf7fbc2d5a\">\n\t<div class=\"blog-wrapper\">\n\t\t\t\t\t<div class=\"row multi-column\">\n\t<div class=\"col-md-6 blog-post post-2123 post type-post status-publish format-standard has-post-thumbnail hentry category-dicas-e-informacoes\">\n\t\t<div class=\"blog-image\"><a href=\"https:\/\/www.imsturismo.com.br\/novo\/seguro\/\" class=\"link\"><img loading=\"lazy\" decoding=\"async\" width=\"750\" height=\"350\" src=\"https:\/\/www.imsturismo.com.br\/novo\/wp-content\/uploads\/2021\/02\/melhor-seguro-viagem-capa2019-03-750x350.jpg\" class=\"img-responsive\" alt=\"\" \/><\/a><\/div>\n\t\t<div class=\"blog-content\">\n\t\t\t<div class=\"col-xs-2\">\n\t\t\t\t<div class=\"row\"><div class=\"date\"><h1 class=\"day\">10<\/h1><div class=\"month\">fev<\/div><div class=\"year\">2021<\/div><\/div><\/div>\n\t\t\t<\/div>\n\t\t\t<div class=\"col-xs-10 content-wrapper\">\n\t\t\t\t<a href=\"https:\/\/www.imsturismo.com.br\/novo\/seguro\/\" class=\" heading\" >Seguro<\/a>\n\t\t\t\t<h5 class=\"meta-info\"><span class=\"view-count fa-custom\">2055<\/span><\/h5>\n\t\t\t\t<div class=\"preview\">[vc_row][vc_column][vc_column_text] Assist\u00eancia ao viajante e Seguro de viagem Assegure sua viagem hoje! [\/vc_column_text][\/vc_column][\/vc_row][vc_row][vc_column][vc_raw_html]JTVCaWZyYW1lJTIwc3JjJTNEJTIyaHR0cHMlM0ElMkYlMkZ3d3cuZ29hZmZpbml0eS5jb20uYnIlMkZpbXN2aWFnZW5zJTIyJTIwd2lkdGglM0QlMjIxMDAlMjUlMjIlMjBzYW1lX2hlaWdodF9hcyUzRCUyMmJvZHklMjIlMjBoZWlnaHQlM0QlMjJhdXRvJTIyJTVE[\/vc_raw_html][\/vc_column][\/vc_row][vc_row disable_element=&#8221;yes&#8221;][vc_column width=&#8221;1\/2&#8243;][vc_separator][vc_separator][\/vc_column][vc_column width=&#8221;1\/2&#8243;][vc_separator][vc_separator][\/vc_column][\/vc_row][vc_row][vc_column][vc_column_text css=&#8221;.vc_custom_1631119190468{margin-top: 0px !important;margin-right: 0px !important;margin-bottom: 0px !important;margin-left: 0px !important;border-top-width: 1px !important;border-right-width: 1px !important;border-bottom-width: 1px !important;border-left-width: 1px !important;padding-top: 10px !important;padding-right: 10px !important;padding-bottom: 10px !important;padding-left: 10px !important;background-color: #fbfbfb !important;border-left-color: #cccccc !important;border-left-style: solid !important;border-right-color: #cccccc !important;border-right-style: solid !important;border-top-color: #cccccc !important;border-top-style: solid !important;border-bottom-color: [&hellip;]<\/div>\n\t\t\t\t<a href=\"https:\/\/www.imsturismo.com.br\/novo\/seguro\/\" class=\"btn btn-gray btn-fit btn-capitalize\">Continue lendo<\/a>\n\t\t\t<\/div>\n\t\t<\/div>\n\t<\/div>\n\t<div class=\"col-md-6 blog-post post-2115 post type-post status-publish format-standard has-post-thumbnail hentry category-dicas-e-informacoes\">\n\t\t<div class=\"blog-image\"><a href=\"https:\/\/www.imsturismo.com.br\/novo\/fusos-horarios\/\" class=\"link\"><img loading=\"lazy\" decoding=\"async\" width=\"750\" height=\"350\" src=\"https:\/\/www.imsturismo.com.br\/novo\/wp-content\/uploads\/2021\/01\/como-calcular-fuso-horario-750x350.jpg\" class=\"img-responsive\" alt=\"\" \/><\/a><\/div>\n\t\t<div class=\"blog-content\">\n\t\t\t<div class=\"col-xs-2\">\n\t\t\t\t<div class=\"row\"><div class=\"date\"><h1 class=\"day\">29<\/h1><div class=\"month\">jan<\/div><div class=\"year\">2021<\/div><\/div><\/div>\n\t\t\t<\/div>\n\t\t\t<div class=\"col-xs-10 content-wrapper\">\n\t\t\t\t<a href=\"https:\/\/www.imsturismo.com.br\/novo\/fusos-horarios\/\" class=\" heading\" >Fusos Hor\u00e1rios<\/a>\n\t\t\t\t<h5 class=\"meta-info\"><span class=\"view-count fa-custom\">1848<\/span><\/h5>\n\t\t\t\t<div class=\"preview\">[vc_row][vc_column][vc_raw_html]JTNDaWZyYW1lJTIwc3JjJTNEJTIyaHR0cHMlM0ElMkYlMkZmdXNvaG9yYXJpb211bmRpYWwuY29tLmJyJTIyJTIwd2lkdGglM0QlMjIxMDAlMjUlMjIlMjBoZWlnaHQlM0QlMjI4MDAlMjIlMjBzdHlsZSUzRCUyMmJvcmRlci1yYWRpdXMlM0ExMHB4JTNCJTIwYm9yZGVyJTNBJTIwMXB4JTIwc29saWQlMjAlMjNjY2MlM0IlMjIlM0UlM0MlMkZpZnJhbWUlM0U=[\/vc_raw_html][\/vc_column][\/vc_row]<\/div>\n\t\t\t\t<a href=\"https:\/\/www.imsturismo.com.br\/novo\/fusos-horarios\/\" class=\"btn btn-gray btn-fit btn-capitalize\">Continue lendo<\/a>\n\t\t\t<\/div>\n\t\t<\/div>\n\t<\/div><\/div><div class=\"row multi-column\">\n\t<div class=\"col-md-6 blog-post post-2112 post type-post status-publish format-standard has-post-thumbnail hentry category-dicas-e-informacoes\">\n\t\t<div class=\"blog-image\"><a href=\"https:\/\/www.imsturismo.com.br\/novo\/free-shop\/\" class=\"link\"><img loading=\"lazy\" decoding=\"async\" width=\"750\" height=\"350\" src=\"https:\/\/www.imsturismo.com.br\/novo\/wp-content\/uploads\/2021\/01\/Duty_Free_shop_-_Ben_Gurion_Airport-750x350.jpg\" class=\"img-responsive\" alt=\"\" \/><\/a><\/div>\n\t\t<div class=\"blog-content\">\n\t\t\t<div class=\"col-xs-2\">\n\t\t\t\t<div class=\"row\"><div class=\"date\"><h1 class=\"day\">29<\/h1><div class=\"month\">jan<\/div><div class=\"year\">2021<\/div><\/div><\/div>\n\t\t\t<\/div>\n\t\t\t<div class=\"col-xs-10 content-wrapper\">\n\t\t\t\t<a href=\"https:\/\/www.imsturismo.com.br\/novo\/free-shop\/\" class=\" heading\" >Free shop<\/a>\n\t\t\t\t<h5 class=\"meta-info\"><span class=\"view-count fa-custom\">1833<\/span><\/h5>\n\t\t\t\t<div class=\"preview\">Sen\u00e7\u00f5es da bagagem acompanhada\u00a0| Cota de isen\u00e7\u00e3o da bagagem acompanhada\u00a0| Limites quantitativos | Isen\u00e7\u00f5es vinculadas \u00e0 qualidade do viajante | Duty Free \/ Free Shop Os bens com\u00a0destina\u00e7\u00e3o comercial, inclusive livros folhetos e peri\u00f3dicos, n\u00e3o est\u00e3o compreendidos no conceito de bagagem. A cota de isen\u00e7\u00e3o \u00e9 v\u00e1lida para todos os viajantes e apenas ser\u00e1\u00a0concedida a\u00a0cada [&hellip;]<\/div>\n\t\t\t\t<a href=\"https:\/\/www.imsturismo.com.br\/novo\/free-shop\/\" class=\"btn btn-gray btn-fit btn-capitalize\">Continue lendo<\/a>\n\t\t\t<\/div>\n\t\t<\/div>\n\t<\/div>\n\t<div class=\"col-md-6 blog-post post-2099 post type-post status-publish format-standard has-post-thumbnail hentry category-dicas-e-informacoes\">\n\t\t<div class=\"blog-image\"><a href=\"https:\/\/www.imsturismo.com.br\/novo\/informacoes-para-retorno-ao-brasil-alfandega-documentos-e-bagagem\/\" class=\"link\"><img loading=\"lazy\" decoding=\"async\" width=\"750\" height=\"350\" src=\"https:\/\/www.imsturismo.com.br\/novo\/wp-content\/uploads\/2021\/01\/alfandega-1-750x350.jpg\" class=\"img-responsive\" alt=\"\" \/><\/a><\/div>\n\t\t<div class=\"blog-content\">\n\t\t\t<div class=\"col-xs-2\">\n\t\t\t\t<div class=\"row\"><div class=\"date\"><h1 class=\"day\">29<\/h1><div class=\"month\">jan<\/div><div class=\"year\">2021<\/div><\/div><\/div>\n\t\t\t<\/div>\n\t\t\t<div class=\"col-xs-10 content-wrapper\">\n\t\t\t\t<a href=\"https:\/\/www.imsturismo.com.br\/novo\/informacoes-para-retorno-ao-brasil-alfandega-documentos-e-bagagem\/\" class=\" heading\" >Informa\u00e7\u00f5es para retorno ao Brasil, alfandega, documentos e bagagem<\/a>\n\t\t\t\t<h5 class=\"meta-info\"><span class=\"view-count fa-custom\">1995<\/span><\/h5>\n\t\t\t\t<div class=\"preview\">[vc_row css=&#8221;.vc_custom_1611864622284{margin-bottom: 20px !important;border-bottom-width: 1px !important;border-bottom-color: #cccccc !important;border-bottom-style: solid !important;}&#8221;][vc_column][vc_column_text] Documenta\u00e7\u00e3o necess\u00e1ria para retornar ao Brasil Antes de retornar ao Brasil, certifique-se de que j\u00e1 tomou as provid\u00eancias necess\u00e1rias para a regulariza\u00e7\u00e3o de seus documentos, para evitar problemas ap\u00f3s a chegada ao Pa\u00eds. Em caso&#8230;[\/vc_column_text][\/vc_column][\/vc_row][vc_row css=&#8221;.vc_custom_1611864622284{margin-bottom: 20px !important;border-bottom-width: 1px !important;border-bottom-color: #cccccc !important;border-bottom-style: solid !important;}&#8221;][vc_column][vc_column_text] Documenta\u00e7\u00e3o [&hellip;]<\/div>\n\t\t\t\t<a href=\"https:\/\/www.imsturismo.com.br\/novo\/informacoes-para-retorno-ao-brasil-alfandega-documentos-e-bagagem\/\" class=\"btn btn-gray btn-fit btn-capitalize\">Continue lendo<\/a>\n\t\t\t<\/div>\n\t\t<\/div>\n\t<\/div><\/div><div class=\"row multi-column\">\n\t<div class=\"col-md-6 blog-post post-2080 post type-post status-publish format-standard has-post-thumbnail hentry category-dicas-e-informacoes\">\n\t\t<div class=\"blog-image\"><a href=\"https:\/\/www.imsturismo.com.br\/novo\/informacoes-diversas-no-exterior-como-proceder-em-casos-de-emergencias\/\" class=\"link\"><img loading=\"lazy\" decoding=\"async\" width=\"750\" height=\"350\" src=\"https:\/\/www.imsturismo.com.br\/novo\/wp-content\/uploads\/2021\/01\/imagem-750x350.jpg\" class=\"img-responsive\" alt=\"\" \/><\/a><\/div>\n\t\t<div class=\"blog-content\">\n\t\t\t<div class=\"col-xs-2\">\n\t\t\t\t<div class=\"row\"><div class=\"date\"><h1 class=\"day\">28<\/h1><div class=\"month\">jan<\/div><div class=\"year\">2021<\/div><\/div><\/div>\n\t\t\t<\/div>\n\t\t\t<div class=\"col-xs-10 content-wrapper\">\n\t\t\t\t<a href=\"https:\/\/www.imsturismo.com.br\/novo\/informacoes-diversas-no-exterior-como-proceder-em-casos-de-emergencias\/\" class=\" heading\" >Informa\u00e7\u00f5es diversas no exterior como proceder em casos de emerg\u00eancias<\/a>\n\t\t\t\t<h5 class=\"meta-info\"><span class=\"view-count fa-custom\">2362<\/span><\/h5>\n\t\t\t\t<div class=\"preview\">[vc_row css=&#8221;.vc_custom_1611864622284{margin-bottom: 20px !important;border-bottom-width: 1px !important;border-bottom-color: #cccccc !important;border-bottom-style: solid !important;}&#8221;][vc_column][vc_column_text] Conselhos de Cidad\u00e3os\/Cidadania CONSELHOS DE CIDAD\u00c3OS\/CIDADANIA \u00a0 EUROPA \u00a0 ALEMANHA Berlim Conselho de Cidad\u00e3os de Berlim (CCB) Porta-voz: Vanessa Domingues Silva Este endere\u00e7o de email est\u00e1 sendo protegido&#8230;[\/vc_column_text][\/vc_column][\/vc_row][vc_row css=&#8221;.vc_custom_1611864622284{margin-bottom: 20px !important;border-bottom-width: 1px !important;border-bottom-color: #cccccc !important;border-bottom-style: solid !important;}&#8221;][vc_column][vc_column_text] Plant\u00e3o Consular ATEN\u00c7\u00c3O: Os n\u00fameros a seguir devem [&hellip;]<\/div>\n\t\t\t\t<a href=\"https:\/\/www.imsturismo.com.br\/novo\/informacoes-diversas-no-exterior-como-proceder-em-casos-de-emergencias\/\" class=\"btn btn-gray btn-fit btn-capitalize\">Continue lendo<\/a>\n\t\t\t<\/div>\n\t\t<\/div>\n\t<\/div>\n\t<div class=\"col-md-6 blog-post post-1649 post type-post status-publish format-standard has-post-thumbnail hentry category-dicas-e-informacoes\">\n\t\t<div class=\"blog-image\"><a href=\"https:\/\/www.imsturismo.com.br\/novo\/todas-as-providencias-antes-de-sua-viagem-vistos-documentos-informacoes-do-sobre-seu-destino\/\" class=\"link\"><img loading=\"lazy\" decoding=\"async\" width=\"750\" height=\"350\" src=\"https:\/\/www.imsturismo.com.br\/novo\/wp-content\/uploads\/2021\/01\/dicas-para-viajar-sozinho-pesquise-seu-destino-1200x799-1-750x350.jpg\" class=\"img-responsive\" alt=\"\" \/><\/a><\/div>\n\t\t<div class=\"blog-content\">\n\t\t\t<div class=\"col-xs-2\">\n\t\t\t\t<div class=\"row\"><div class=\"date\"><h1 class=\"day\">28<\/h1><div class=\"month\">jan<\/div><div class=\"year\">2021<\/div><\/div><\/div>\n\t\t\t<\/div>\n\t\t\t<div class=\"col-xs-10 content-wrapper\">\n\t\t\t\t<a href=\"https:\/\/www.imsturismo.com.br\/novo\/todas-as-providencias-antes-de-sua-viagem-vistos-documentos-informacoes-do-sobre-seu-destino\/\" class=\" heading\" >Todas as providencias antes de sua viagem, vistos, documentos, informa\u00e7\u00f5es do sobre seu destino<\/a>\n\t\t\t\t<h5 class=\"meta-info\"><span class=\"view-count fa-custom\">1340<\/span><\/h5>\n\t\t\t\t<div class=\"preview\">[vc_row css=&#8221;.vc_custom_1611864622284{margin-bottom: 20px !important;border-bottom-width: 1px !important;border-bottom-color: #cccccc !important;border-bottom-style: solid !important;}&#8221;][vc_column][vc_column_text] Orienta\u00e7\u00f5es gerais para quem vai viajar ao exterior Nos \u00faltimos anos, v\u00e1rios\u00a0pa\u00edses t\u00eam adotado medidas mais r\u00edgidas no controle de entrada e circula\u00e7\u00e3o de estrangeiros em\u00a0seus territ\u00f3rios. Por isso, quando voc\u00ea for viajar para&#8230;[\/vc_column_text][\/vc_column][\/vc_row][vc_row css=&#8221;.vc_custom_1611864622284{margin-bottom: 20px !important;border-bottom-width: 1px !important;border-bottom-color: #cccccc !important;border-bottom-style: solid !important;}&#8221;][vc_column][vc_column_text] Seu destino [&hellip;]<\/div>\n\t\t\t\t<a href=\"https:\/\/www.imsturismo.com.br\/novo\/todas-as-providencias-antes-de-sua-viagem-vistos-documentos-informacoes-do-sobre-seu-destino\/\" class=\"btn btn-gray btn-fit btn-capitalize\">Continue lendo<\/a>\n\t\t\t<\/div>\n\t\t<\/div>\n\t<\/div><\/div><div class=\"row multi-column\"><\/div><div class=\"clearfix\"><\/div>\t\t\t<\/div>\n<\/div>\n[\/vc_column][\/vc_row]<\/p>\n","protected":false},"excerpt":{"rendered":"<p>[vc_row][vc_column][\/vc_column][\/vc_row]<\/p>\n","protected":false},"author":1,"featured_media":0,"parent":0,"menu_order":0,"comment_status":"closed","ping_status":"closed","template":"","meta":{"footnotes":""},"class_list":["post-478","page","type-page","status-publish","hentry"],"_links":{"self":[{"href":"https:\/\/www.imsturismo.com.br\/novo\/wp-json\/wp\/v2\/pages\/478","targetHints":{"allow":["GET"]}}],"collection":[{"href":"https:\/\/www.imsturismo.com.br\/novo\/wp-json\/wp\/v2\/pages"}],"about":[{"href":"https:\/\/www.imsturismo.com.br\/novo\/wp-json\/wp\/v2\/types\/page"}],"author":[{"embeddable":true,"href":"https:\/\/www.imsturismo.com.br\/novo\/wp-json\/wp\/v2\/users\/1"}],"replies":[{"embeddable":true,"href":"https:\/\/www.imsturismo.com.br\/novo\/wp-json\/wp\/v2\/comments?post=478"}],"version-history":[{"count":7,"href":"https:\/\/www.imsturismo.com.br\/novo\/wp-json\/wp\/v2\/pages\/478\/revisions"}],"predecessor-version":[{"id":1451,"href":"https:\/\/www.imsturismo.com.br\/novo\/wp-json\/wp\/v2\/pages\/478\/revisions\/1451"}],"wp:attachment":[{"href":"https:\/\/www.imsturismo.com.br\/novo\/wp-json\/wp\/v2\/media?parent=478"}],"curies":[{"name":"wp","href":"https:\/\/api.w.org\/{rel}","templated":true}]}}